{"id":2039,"date":"2018-09-16T12:00:44","date_gmt":"2018-09-16T10:00:44","guid":{"rendered":"http:\/\/demo.goodlayers.com\/infinite\/?page_id=2039"},"modified":"2019-05-11T12:22:24","modified_gmt":"2019-05-11T10:22:24","slug":"dubuisson-export","status":"publish","type":"page","link":"https:\/\/www.dubuisson-export.fr\/","title":{"rendered":"Homepage &#8211; Main"},"content":{"rendered":"","protected":false},"excerpt":{"rendered":"","protected":false},"author":1,"featured_media":0,"parent":0,"menu_order":0,"comment_status":"closed","ping_status":"closed","template":"","meta":{"footnotes":""},"class_list":["post-2039","page","type-page","status-publish","hentry"],"yoast_head":"<!-- This site is optimized with the Yoast SEO plugin v19.0 - https:\/\/yoast.com\/wordpress\/plugins\/seo\/ -->\n<title>Homepage - Main - Dubuisson Export<\/title>\n<meta name=\"description\" content=\"Se d\u00e9velopper, gagner des parts de march\u00e9s, p\u00e9renniser son activit\u00e9 demandent \u00e0 l\u2019entreprise de mettre en place une strat\u00e9gie coh\u00e9rente et adapt\u00e9e.\" \/>\n<meta name=\"robots\" content=\"index, follow, max-snippet:-1, max-image-preview:large, max-video-preview:-1\" \/>\n<link rel=\"canonical\" href=\"https:\/\/www.dubuisson-export.fr\/\" \/>\n<meta property=\"og:locale\" content=\"fr_FR\" \/>\n<meta property=\"og:type\" content=\"article\" \/>\n<meta property=\"og:title\" content=\"Homepage - Main - Dubuisson Export\" \/>\n<meta property=\"og:description\" content=\"Se d\u00e9velopper, gagner des parts de march\u00e9s, p\u00e9renniser son activit\u00e9 demandent \u00e0 l\u2019entreprise de mettre en place une strat\u00e9gie coh\u00e9rente et adapt\u00e9e.\" \/>\n<meta property=\"og:url\" content=\"https:\/\/www.dubuisson-export.fr\/\" \/>\n<meta property=\"og:site_name\" content=\"Dubuisson Export\" \/>\n<meta property=\"article:publisher\" content=\"https:\/\/www.facebook.com\/christinedubuisson.export\" \/>\n<meta property=\"article:modified_time\" content=\"2019-05-11T10:22:24+00:00\" \/>\n<meta name=\"twitter:card\" content=\"summary_large_image\" \/>\n<script type=\"application\/ld+json\" class=\"yoast-schema-graph\">{\"@context\":\"https:\/\/schema.org\",\"@graph\":[{\"@type\":\"WebSite\",\"@id\":\"https:\/\/www.dubuisson-export.fr\/#website\",\"url\":\"https:\/\/www.dubuisson-export.fr\/\",\"name\":\"Dubuisson Export\",\"description\":\"La valorisation du Made In France\",\"potentialAction\":[{\"@type\":\"SearchAction\",\"target\":{\"@type\":\"EntryPoint\",\"urlTemplate\":\"https:\/\/www.dubuisson-export.fr\/?s={search_term_string}\"},\"query-input\":\"required name=search_term_string\"}],\"inLanguage\":\"fr-FR\"},{\"@type\":\"WebPage\",\"@id\":\"https:\/\/www.dubuisson-export.fr\/#webpage\",\"url\":\"https:\/\/www.dubuisson-export.fr\/\",\"name\":\"Homepage - Main - Dubuisson Export\",\"isPartOf\":{\"@id\":\"https:\/\/www.dubuisson-export.fr\/#website\"},\"datePublished\":\"2018-09-16T10:00:44+00:00\",\"dateModified\":\"2019-05-11T10:22:24+00:00\",\"description\":\"Se d\u00e9velopper, gagner des parts de march\u00e9s, p\u00e9renniser son activit\u00e9 demandent \u00e0 l\u2019entreprise de mettre en place une strat\u00e9gie coh\u00e9rente et adapt\u00e9e.\",\"breadcrumb\":{\"@id\":\"https:\/\/www.dubuisson-export.fr\/#breadcrumb\"},\"inLanguage\":\"fr-FR\",\"potentialAction\":[{\"@type\":\"ReadAction\",\"target\":[\"https:\/\/www.dubuisson-export.fr\/\"]}]},{\"@type\":\"BreadcrumbList\",\"@id\":\"https:\/\/www.dubuisson-export.fr\/#breadcrumb\",\"itemListElement\":[{\"@type\":\"ListItem\",\"position\":1,\"name\":\"Accueil\",\"item\":\"https:\/\/www.dubuisson-export.fr\/\"},{\"@type\":\"ListItem\",\"position\":2,\"name\":\"Homepage &#8211; Main\"}]}]}<\/script>\n<!-- \/ Yoast SEO plugin. -->","yoast_head_json":{"title":"Homepage - Main - Dubuisson Export","description":"Se d\u00e9velopper, gagner des parts de march\u00e9s, p\u00e9renniser son activit\u00e9 demandent \u00e0 l\u2019entreprise de mettre en place une strat\u00e9gie coh\u00e9rente et adapt\u00e9e.","robots":{"index":"index","follow":"follow","max-snippet":"max-snippet:-1","max-image-preview":"max-image-preview:large","max-video-preview":"max-video-preview:-1"},"canonical":"https:\/\/www.dubuisson-export.fr\/","og_locale":"fr_FR","og_type":"article","og_title":"Homepage - Main - Dubuisson Export","og_description":"Se d\u00e9velopper, gagner des parts de march\u00e9s, p\u00e9renniser son activit\u00e9 demandent \u00e0 l\u2019entreprise de mettre en place une strat\u00e9gie coh\u00e9rente et adapt\u00e9e.","og_url":"https:\/\/www.dubuisson-export.fr\/","og_site_name":"Dubuisson Export","article_publisher":"https:\/\/www.facebook.com\/christinedubuisson.export","article_modified_time":"2019-05-11T10:22:24+00:00","twitter_card":"summary_large_image","schema":{"@context":"https:\/\/schema.org","@graph":[{"@type":"WebSite","@id":"https:\/\/www.dubuisson-export.fr\/#website","url":"https:\/\/www.dubuisson-export.fr\/","name":"Dubuisson Export","description":"La valorisation du Made In France","potentialAction":[{"@type":"SearchAction","target":{"@type":"EntryPoint","urlTemplate":"https:\/\/www.dubuisson-export.fr\/?s={search_term_string}"},"query-input":"required name=search_term_string"}],"inLanguage":"fr-FR"},{"@type":"WebPage","@id":"https:\/\/www.dubuisson-export.fr\/#webpage","url":"https:\/\/www.dubuisson-export.fr\/","name":"Homepage - Main - Dubuisson Export","isPartOf":{"@id":"https:\/\/www.dubuisson-export.fr\/#website"},"datePublished":"2018-09-16T10:00:44+00:00","dateModified":"2019-05-11T10:22:24+00:00","description":"Se d\u00e9velopper, gagner des parts de march\u00e9s, p\u00e9renniser son activit\u00e9 demandent \u00e0 l\u2019entreprise de mettre en place une strat\u00e9gie coh\u00e9rente et adapt\u00e9e.","breadcrumb":{"@id":"https:\/\/www.dubuisson-export.fr\/#breadcrumb"},"inLanguage":"fr-FR","potentialAction":[{"@type":"ReadAction","target":["https:\/\/www.dubuisson-export.fr\/"]}]},{"@type":"BreadcrumbList","@id":"https:\/\/www.dubuisson-export.fr\/#breadcrumb","itemListElement":[{"@type":"ListItem","position":1,"name":"Accueil","item":"https:\/\/www.dubuisson-export.fr\/"},{"@type":"ListItem","position":2,"name":"Homepage &#8211; Main"}]}]}},"_links":{"self":[{"href":"https:\/\/www.dubuisson-export.fr\/index.php?rest_route=\/wp\/v2\/pages\/2039","targetHints":{"allow":["GET"]}}],"collection":[{"href":"https:\/\/www.dubuisson-export.fr\/index.php?rest_route=\/wp\/v2\/pages"}],"about":[{"href":"https:\/\/www.dubuisson-export.fr\/index.php?rest_route=\/wp\/v2\/types\/page"}],"author":[{"embeddable":true,"href":"https:\/\/www.dubuisson-export.fr\/index.php?rest_route=\/wp\/v2\/users\/1"}],"replies":[{"embeddable":true,"href":"https:\/\/www.dubuisson-export.fr\/index.php?rest_route=%2Fwp%2Fv2%2Fcomments&post=2039"}],"version-history":[{"count":5,"href":"https:\/\/www.dubuisson-export.fr\/index.php?rest_route=\/wp\/v2\/pages\/2039\/revisions"}],"predecessor-version":[{"id":3039,"href":"https:\/\/www.dubuisson-export.fr\/index.php?rest_route=\/wp\/v2\/pages\/2039\/revisions\/3039"}],"wp:attachment":[{"href":"https:\/\/www.dubuisson-export.fr\/index.php?rest_route=%2Fwp%2Fv2%2Fmedia&parent=2039"}],"curies":[{"name":"wp","href":"https:\/\/api.w.org\/{rel}","templated":true}]}}