{"id":2663,"date":"2018-10-29T18:21:02","date_gmt":"2018-10-29T17:21:02","guid":{"rendered":"http:\/\/www.dubuisson-export.fr\/?page_id=2663"},"modified":"2018-10-30T13:49:29","modified_gmt":"2018-10-30T12:49:29","slug":"notre-savoir-faire","status":"publish","type":"page","link":"https:\/\/www.dubuisson-export.fr\/?page_id=2663","title":{"rendered":"Notre savoir-faire"},"content":{"rendered":"<h3><span style=\"color: #000000;\"><i>DUBUISSON EXPORT<\/i>,<em> Elargir vos horizons<\/em><\/span><\/h3>\n<p>Christine Dubuisson, depuis 28 ans au service des PME et artisans<img loading=\"lazy\" decoding=\"async\" class=\"alignright wp-image-2609 size-medium\" title=\"Christine Dubuisson Export\" src=\"https:\/\/www.dubuisson-export.fr\/wp-content\/uploads\/2018\/09\/portrait-christine-300x300.jpg\" alt=\"Christine Dubuisson\" width=\"300\" height=\"300\" srcset=\"https:\/\/www.dubuisson-export.fr\/wp-content\/uploads\/2018\/09\/portrait-christine-300x300.jpg 300w, https:\/\/www.dubuisson-export.fr\/wp-content\/uploads\/2018\/09\/portrait-christine-150x150.jpg 150w, https:\/\/www.dubuisson-export.fr\/wp-content\/uploads\/2018\/09\/portrait-christine-768x768.jpg 768w, https:\/\/www.dubuisson-export.fr\/wp-content\/uploads\/2018\/09\/portrait-christine.jpg 960w\" sizes=\"auto, (max-width: 300px) 100vw, 300px\" \/><br \/>\nApr\u00e8s plusieurs ann\u00e9es pass\u00e9es en entreprise en France et aux Etats-Unis, Christine Dubuisson a cr\u00e9\u00e9<br \/>\nen 1990 DUBUISSON EXPORT pour accompagner les PME et artisans dans leur d\u00e9veloppement.<br \/>\nEn direct avec les dirigeants ou par l\u2019interm\u00e9diaire d\u2019organismes consulaires, organisations<br \/>\nprofessionnelles ou collectivit\u00e9s territoriales, Christine Dubuisson effectue un diagnostic pr\u00e9cis de<br \/>\nl\u2019entreprise et propose un accompagnement cibl\u00e9 ou plus global en fonction des besoins.<\/p>\n<p>Habitu\u00e9e aux probl\u00e9matiques des entreprises ma\u00eetrisant des savoir-faire manuels, notamment dans<br \/>\nle secteur des m\u00e9tiers d\u2019art, DUBUISSON EXPORT s\u2019adresse plus g\u00e9n\u00e9ralement <strong>\u00e0 toute entreprise<\/strong><br \/>\n<strong>souhaitant \u00e9largir ses horizons et d\u00e9velopper son activit\u00e9<\/strong> \u2013 qu\u2019il s\u2019agisse de politique marketing, de positionnement prix, de cr\u00e9ation ou r\u00e9organisation du r\u00e9seau de distribution ou encore de perspectives d\u2019export.<\/p>\n<p><strong><span style=\"text-decoration: underline;\">Un r\u00e9seau de partenaires sp\u00e9cialis\u00e9s<\/span><br \/>\n<\/strong>DUBUISSON EXPORT s\u2019appuie sur un r\u00e9seau d\u2019experts qui lui permet de r\u00e9pondre \u00e0 toute probl\u00e9matique et de coordonner les projets n\u00e9cessitant l\u2019intervention de diff\u00e9rents sp\u00e9cialistes.<br \/>\nProfessionnels du d\u00e9veloppement web, des relations presse, du droit, de la traduction ou encore experts pays ou sectoriels, les partenaires du r\u00e9seau DUBUISSON EXPORT mettent leur savoir-faire au service des PME dans un esprit de transparence, de disponibilit\u00e9 et d\u2019efficacit\u00e9.<\/p>\n<p><span style=\"text-decoration: underline;\"><strong>Des outils sur-mesure pour des r\u00e9ponses pratiques<\/strong><\/span><br \/>\nLancer un nouveau challenge \u00e0 son entreprise est un chemin qui peut se r\u00e9v\u00e9ler long et p\u00e9rilleux. Les contraintes administratives, les nouvelles r\u00e9glementations, l\u2019instabilit\u00e9 des march\u00e9s ou le manque de formation sont autant de freins au d\u00e9veloppement de projet.<\/p>\n<p>Dubuisson-Export intervient sur un large champ de comp\u00e9tences :<\/p>\n<ul>\n<li><strong>Le d\u00e9veloppement commercial en France et \u00e0 l\u2019export :<\/strong><br \/>\no D\u00e9finition de strat\u00e9gie : diagnostic, choix de march\u00e9s<br \/>\no Marketing op\u00e9rationnel : valorisation des produits (via notamment le Made in France, le label Origine France Garantie, le label EPV\u2026), positionnement prix, solutions d\u2019acc\u00e8s aux march\u00e9s, communication (plaquette, book, pr\u00e9sence web etc.)<br \/>\no Performance commerciale : s\u00e9lection des partenaires, organisation de missions, participation aux salons, animation du r\u00e9seau de vente<br \/>\no Administration des ventes : gestion des commandes, organisation logistique, douane<\/li>\n<li><strong>Le d\u00e9veloppement d\u2019outils :<\/strong><br \/>\no A destination du public institutionnel : r\u00e9alisation de mod\u00e8les de diagnostic adapt\u00e9s aux besoins sp\u00e9cifiques des entreprises cibl\u00e9es<br \/>\no A destination des entreprises : cr\u00e9ation de tableaux de bord, d\u2019outils de gestion des commandes, de planification de projet, de gestion, de calcul de prix de revient et \/ ou export etc.<\/li>\n<\/ul>\n<p>A travers des solutions pratiques, Christine Dubuisson vous apporte des r\u00e9ponses imm\u00e9diates et concr\u00e8tes \u2013 accompagnement sur le long terme, conseil ponctuel, formation, externalisation, hot line et une large palette de m\u00e9mos techniques.<\/p>\n<p><span style=\"text-decoration: underline;\"><strong>Notre engagement : efficacit\u00e9 et int\u00e9grit\u00e9<\/strong><\/span><br \/>\nDUBUISSON EXPORT est <strong>une structure \u00e0 taille et \u00e0 valeur humaine<\/strong>. Etre au service des entreprises et de leurs \u00e9quipes, c\u2019est s\u2019engager \u00e0 \u00eatre \u00e0 l\u2019\u00e9coute, audacieux et impliqu\u00e9. L\u2019int\u00e9grit\u00e9 professionnelle est une exigence quotidienne.<\/p>\n","protected":false},"excerpt":{"rendered":"<p>DUBUISSON EXPORT, Elargir vos horizons Christine Dubuisson, depuis 28 ans au service des PME et artisans Apr\u00e8s plusieurs ann\u00e9es pass\u00e9es en entreprise en France et aux Etats-Unis, Christine Dubuisson a cr\u00e9\u00e9 en 1990 DUBUISSON EXPORT pour accompagner les PME et artisans dans leur d\u00e9veloppement. En direct avec les dirigeants ou par l\u2019interm\u00e9diaire d\u2019organismes consulaires, organisations [&hellip;]<\/p>\n","protected":false},"author":1,"featured_media":2609,"parent":0,"menu_order":0,"comment_status":"closed","ping_status":"closed","template":"","meta":{"footnotes":""},"class_list":["post-2663","page","type-page","status-publish","has-post-thumbnail","hentry"],"yoast_head":"<!-- This site is optimized with the Yoast SEO plugin v19.0 - https:\/\/yoast.com\/wordpress\/plugins\/seo\/ -->\n<title>Notre savoir-faire - Dubuisson Export<\/title>\n<meta name=\"robots\" content=\"index, follow, max-snippet:-1, max-image-preview:large, max-video-preview:-1\" \/>\n<link rel=\"canonical\" href=\"https:\/\/www.dubuisson-export.fr\/?page_id=2663\" \/>\n<meta property=\"og:locale\" content=\"fr_FR\" \/>\n<meta property=\"og:type\" content=\"article\" \/>\n<meta property=\"og:title\" content=\"Notre savoir-faire - Dubuisson Export\" \/>\n<meta property=\"og:description\" content=\"DUBUISSON EXPORT, Elargir vos horizons Christine Dubuisson, depuis 28 ans au service des PME et artisans Apr\u00e8s plusieurs ann\u00e9es pass\u00e9es en entreprise en France et aux Etats-Unis, Christine Dubuisson a cr\u00e9\u00e9 en 1990 DUBUISSON EXPORT pour accompagner les PME et artisans dans leur d\u00e9veloppement. En direct avec les dirigeants ou par l\u2019interm\u00e9diaire d\u2019organismes consulaires, organisations [&hellip;]\" \/>\n<meta property=\"og:url\" content=\"https:\/\/www.dubuisson-export.fr\/?page_id=2663\" \/>\n<meta property=\"og:site_name\" content=\"Dubuisson Export\" \/>\n<meta property=\"article:publisher\" content=\"https:\/\/www.facebook.com\/christinedubuisson.export\" \/>\n<meta property=\"article:modified_time\" content=\"2018-10-30T12:49:29+00:00\" \/>\n<meta property=\"og:image\" content=\"https:\/\/www.dubuisson-export.fr\/wp-content\/uploads\/2018\/09\/portrait-christine.jpg\" \/>\n\t<meta property=\"og:image:width\" content=\"960\" \/>\n\t<meta property=\"og:image:height\" content=\"960\" \/>\n\t<meta property=\"og:image:type\" content=\"image\/jpeg\" \/>\n<meta name=\"twitter:card\" content=\"summary_large_image\" \/>\n<meta name=\"twitter:label1\" content=\"Dur\u00e9e de lecture estim\u00e9e\" \/>\n\t<meta name=\"twitter:data1\" content=\"3 minutes\" \/>\n<script type=\"application\/ld+json\" class=\"yoast-schema-graph\">{\"@context\":\"https:\/\/schema.org\",\"@graph\":[{\"@type\":\"WebSite\",\"@id\":\"https:\/\/www.dubuisson-export.fr\/#website\",\"url\":\"https:\/\/www.dubuisson-export.fr\/\",\"name\":\"Dubuisson Export\",\"description\":\"La valorisation du Made In France\",\"potentialAction\":[{\"@type\":\"SearchAction\",\"target\":{\"@type\":\"EntryPoint\",\"urlTemplate\":\"https:\/\/www.dubuisson-export.fr\/?s={search_term_string}\"},\"query-input\":\"required name=search_term_string\"}],\"inLanguage\":\"fr-FR\"},{\"@type\":\"ImageObject\",\"inLanguage\":\"fr-FR\",\"@id\":\"https:\/\/www.dubuisson-export.fr\/?page_id=2663#primaryimage\",\"url\":\"https:\/\/www.dubuisson-export.fr\/wp-content\/uploads\/2018\/09\/portrait-christine.jpg\",\"contentUrl\":\"https:\/\/www.dubuisson-export.fr\/wp-content\/uploads\/2018\/09\/portrait-christine.jpg\",\"width\":960,\"height\":960},{\"@type\":\"WebPage\",\"@id\":\"https:\/\/www.dubuisson-export.fr\/?page_id=2663#webpage\",\"url\":\"https:\/\/www.dubuisson-export.fr\/?page_id=2663\",\"name\":\"Notre savoir-faire - Dubuisson Export\",\"isPartOf\":{\"@id\":\"https:\/\/www.dubuisson-export.fr\/#website\"},\"primaryImageOfPage\":{\"@id\":\"https:\/\/www.dubuisson-export.fr\/?page_id=2663#primaryimage\"},\"datePublished\":\"2018-10-29T17:21:02+00:00\",\"dateModified\":\"2018-10-30T12:49:29+00:00\",\"breadcrumb\":{\"@id\":\"https:\/\/www.dubuisson-export.fr\/?page_id=2663#breadcrumb\"},\"inLanguage\":\"fr-FR\",\"potentialAction\":[{\"@type\":\"ReadAction\",\"target\":[\"https:\/\/www.dubuisson-export.fr\/?page_id=2663\"]}]},{\"@type\":\"BreadcrumbList\",\"@id\":\"https:\/\/www.dubuisson-export.fr\/?page_id=2663#breadcrumb\",\"itemListElement\":[{\"@type\":\"ListItem\",\"position\":1,\"name\":\"Accueil\",\"item\":\"https:\/\/www.dubuisson-export.fr\/\"},{\"@type\":\"ListItem\",\"position\":2,\"name\":\"Notre savoir-faire\"}]}]}<\/script>\n<!-- \/ Yoast SEO plugin. -->","yoast_head_json":{"title":"Notre savoir-faire - Dubuisson Export","robots":{"index":"index","follow":"follow","max-snippet":"max-snippet:-1","max-image-preview":"max-image-preview:large","max-video-preview":"max-video-preview:-1"},"canonical":"https:\/\/www.dubuisson-export.fr\/?page_id=2663","og_locale":"fr_FR","og_type":"article","og_title":"Notre savoir-faire - Dubuisson Export","og_description":"DUBUISSON EXPORT, Elargir vos horizons Christine Dubuisson, depuis 28 ans au service des PME et artisans Apr\u00e8s plusieurs ann\u00e9es pass\u00e9es en entreprise en France et aux Etats-Unis, Christine Dubuisson a cr\u00e9\u00e9 en 1990 DUBUISSON EXPORT pour accompagner les PME et artisans dans leur d\u00e9veloppement. En direct avec les dirigeants ou par l\u2019interm\u00e9diaire d\u2019organismes consulaires, organisations [&hellip;]","og_url":"https:\/\/www.dubuisson-export.fr\/?page_id=2663","og_site_name":"Dubuisson Export","article_publisher":"https:\/\/www.facebook.com\/christinedubuisson.export","article_modified_time":"2018-10-30T12:49:29+00:00","og_image":[{"width":960,"height":960,"url":"https:\/\/www.dubuisson-export.fr\/wp-content\/uploads\/2018\/09\/portrait-christine.jpg","type":"image\/jpeg"}],"twitter_card":"summary_large_image","twitter_misc":{"Dur\u00e9e de lecture estim\u00e9e":"3 minutes"},"schema":{"@context":"https:\/\/schema.org","@graph":[{"@type":"WebSite","@id":"https:\/\/www.dubuisson-export.fr\/#website","url":"https:\/\/www.dubuisson-export.fr\/","name":"Dubuisson Export","description":"La valorisation du Made In France","potentialAction":[{"@type":"SearchAction","target":{"@type":"EntryPoint","urlTemplate":"https:\/\/www.dubuisson-export.fr\/?s={search_term_string}"},"query-input":"required name=search_term_string"}],"inLanguage":"fr-FR"},{"@type":"ImageObject","inLanguage":"fr-FR","@id":"https:\/\/www.dubuisson-export.fr\/?page_id=2663#primaryimage","url":"https:\/\/www.dubuisson-export.fr\/wp-content\/uploads\/2018\/09\/portrait-christine.jpg","contentUrl":"https:\/\/www.dubuisson-export.fr\/wp-content\/uploads\/2018\/09\/portrait-christine.jpg","width":960,"height":960},{"@type":"WebPage","@id":"https:\/\/www.dubuisson-export.fr\/?page_id=2663#webpage","url":"https:\/\/www.dubuisson-export.fr\/?page_id=2663","name":"Notre savoir-faire - Dubuisson Export","isPartOf":{"@id":"https:\/\/www.dubuisson-export.fr\/#website"},"primaryImageOfPage":{"@id":"https:\/\/www.dubuisson-export.fr\/?page_id=2663#primaryimage"},"datePublished":"2018-10-29T17:21:02+00:00","dateModified":"2018-10-30T12:49:29+00:00","breadcrumb":{"@id":"https:\/\/www.dubuisson-export.fr\/?page_id=2663#breadcrumb"},"inLanguage":"fr-FR","potentialAction":[{"@type":"ReadAction","target":["https:\/\/www.dubuisson-export.fr\/?page_id=2663"]}]},{"@type":"BreadcrumbList","@id":"https:\/\/www.dubuisson-export.fr\/?page_id=2663#breadcrumb","itemListElement":[{"@type":"ListItem","position":1,"name":"Accueil","item":"https:\/\/www.dubuisson-export.fr\/"},{"@type":"ListItem","position":2,"name":"Notre savoir-faire"}]}]}},"_links":{"self":[{"href":"https:\/\/www.dubuisson-export.fr\/index.php?rest_route=\/wp\/v2\/pages\/2663","targetHints":{"allow":["GET"]}}],"collection":[{"href":"https:\/\/www.dubuisson-export.fr\/index.php?rest_route=\/wp\/v2\/pages"}],"about":[{"href":"https:\/\/www.dubuisson-export.fr\/index.php?rest_route=\/wp\/v2\/types\/page"}],"author":[{"embeddable":true,"href":"https:\/\/www.dubuisson-export.fr\/index.php?rest_route=\/wp\/v2\/users\/1"}],"replies":[{"embeddable":true,"href":"https:\/\/www.dubuisson-export.fr\/index.php?rest_route=%2Fwp%2Fv2%2Fcomments&post=2663"}],"version-history":[{"count":5,"href":"https:\/\/www.dubuisson-export.fr\/index.php?rest_route=\/wp\/v2\/pages\/2663\/revisions"}],"predecessor-version":[{"id":2742,"href":"https:\/\/www.dubuisson-export.fr\/index.php?rest_route=\/wp\/v2\/pages\/2663\/revisions\/2742"}],"wp:featuredmedia":[{"embeddable":true,"href":"https:\/\/www.dubuisson-export.fr\/index.php?rest_route=\/wp\/v2\/media\/2609"}],"wp:attachment":[{"href":"https:\/\/www.dubuisson-export.fr\/index.php?rest_route=%2Fwp%2Fv2%2Fmedia&parent=2663"}],"curies":[{"name":"wp","href":"https:\/\/api.w.org\/{rel}","templated":true}]}}