{"id":2666,"date":"2018-10-29T18:29:58","date_gmt":"2018-10-29T17:29:58","guid":{"rendered":"http:\/\/www.dubuisson-export.fr\/?page_id=2666"},"modified":"2021-01-25T17:05:28","modified_gmt":"2021-01-25T16:05:28","slug":"certification","status":"publish","type":"page","link":"https:\/\/www.dubuisson-export.fr\/?page_id=2666","title":{"rendered":"La certification"},"content":{"rendered":"<h2>Christine Dubuisson est certifi\u00e9e ICPP &amp; PSI CNEFOP<\/h2>\n<p>Depuis Juillet 2017 pour trois fonctions\u00a0:<\/p>\n<p><a href=\"http:\/\/www.cnefop.gouv.fr\/\" target=\"_blank\" rel=\"noopener noreferrer\"><img loading=\"lazy\" decoding=\"async\" class=\"alignleft wp-image-2978 size-full\" title=\"Christine Dubuisson est certifi\u00e9e ICPF PSI Expert CNEFOP Consultant\" src=\"https:\/\/www.dubuisson-export.fr\/wp-content\/uploads\/2018\/11\/ICPF-PSI-ExpertCNEFOP-Consultant.png\" alt=\"Dubuisson Export \u2502 ICPF PSI Expert CNEFOP Consultant\" width=\"180\" height=\"117\" \/><\/a>Consultant en proc\u00e9dures marketing, commerciales et internationales. Cette fonction inclut l\u2019accompagnement et le conseil. Le niveau expert signifie que cette activit\u00e9 a \u00e9t\u00e9 men\u00e9e pendant plus de 10 ans.<\/p>\n<p>&nbsp;<\/p>\n<p>&nbsp;<\/p>\n<p><a href=\"https:\/\/certif-icpf.org\/\" target=\"_blank\" rel=\"noopener noreferrer\"><img loading=\"lazy\" decoding=\"async\" class=\"alignleft wp-image-2980 size-full\" title=\"Christine Dubuisson est Mentor en proc\u00e9dures marketing, commerciales et internationales\" src=\"https:\/\/www.dubuisson-export.fr\/wp-content\/uploads\/2018\/11\/ICPF-PSI-ExpertCNEFOP-Mentor.png\" alt=\"Dubuisson Export \u2502 Certification ICPF PSI Expert CNEFOP Mentor\" width=\"180\" height=\"117\" \/><\/a>Mentor en proc\u00e9dures marketing, commerciales et internationales. Cette fonction concerne le conseil, la formation et l\u2019accompagnement d\u2019une personne ou d\u2019un groupe de personnes dans le cadre de son poste de travail. Le niveau confirm\u00e9 signifie que cette activit\u00e9 a \u00e9t\u00e9 men\u00e9e pendant plus de 5 ans.<\/p>\n<p>&nbsp;<\/p>\n<p>&nbsp;<\/p>\n<p><a href=\"https:\/\/certif-icpf.org\/\" target=\"_blank\" rel=\"noopener noreferrer\"><img loading=\"lazy\" decoding=\"async\" class=\"alignleft wp-image-2979 size-full\" title=\"Christine Dubuisson est certifi\u00e9e Formateur en proc\u00e9dures marketing, commerciales et internationales\" src=\"https:\/\/www.dubuisson-export.fr\/wp-content\/uploads\/2018\/11\/ICPF-PSI-ExpertCNEFOP-Formateur.png\" alt=\"Dubuisson Export \u2502 Certification ICPF PSI Expert CNEFOP Formateur\" width=\"180\" height=\"117\" \/><\/a>Formateur en proc\u00e9dures marketing, commerciales et internationales. Cette fonction concerne l\u2019activit\u00e9 de transfert des connaissances et des comp\u00e9tences qui comporte une part d\u2019action p\u00e9dagogique, de recherche et de formation personnelle. Le niveau expert signifie que cette activit\u00e9 a \u00e9t\u00e9 men\u00e9e pendant plus de 10 ans.<\/p>\n<p>&nbsp;<\/p>\n<p>La certification reconnait \u00a0le professionnalisme des consultants formateurs. La certification ICPF &amp; PSI CNEFOP reconnue comme satisfaisant au D\u00e9cret du 30 juin 2015, permet, en plus du professionnalisme, de faire reconna\u00eetre la capacit\u00e9 \u00e0 satisfaire les crit\u00e8res qualit\u00e9 et d\u2019\u00eatre r\u00e9f\u00e9renc\u00e9 sur le catalogue de tous les financeurs.<\/p>\n<p>&nbsp;<\/p>\n<p>&nbsp;<\/p>\n<p>Concernant la formation, Christine Dubuisson est \u00e9galement \u00a0\u00bb <a href=\"https:\/\/www.data-dock.fr\/\" target=\"_blank\" rel=\"noopener\">datadock\u00e9e<\/a> \u00a0\u00bb, ce qui permet d\u2019\u00eatre r\u00e9f\u00e9renc\u00e9 sur le catalogue de tous les financeurs. Depuis cette ann\u00e9e, notre organisme de formation est certifi\u00e9 \u00ab\u00a0Qualiopi\u00a0\u00bb pour les actions de formation.<\/p>\n<p><img loading=\"lazy\" decoding=\"async\" class=\"alignnone wp-image-2976\" src=\"https:\/\/www.dubuisson-export.fr\/wp-content\/uploads\/2018\/11\/Datadock.png\" alt=\"Dubuisson Export est &quot;Datadock\u00e9&quot;\" width=\"185\" height=\"120\" \/><img loading=\"lazy\" decoding=\"async\" class=\"alignnone size-medium wp-image-3095\" src=\"https:\/\/www.dubuisson-export.fr\/wp-content\/uploads\/2020\/08\/Logo-Qualiopi-72dpi-Web-56-300x96.png\" alt=\"\" width=\"300\" height=\"96\" srcset=\"https:\/\/www.dubuisson-export.fr\/wp-content\/uploads\/2020\/08\/Logo-Qualiopi-72dpi-Web-56-300x96.png 300w, https:\/\/www.dubuisson-export.fr\/wp-content\/uploads\/2020\/08\/Logo-Qualiopi-72dpi-Web-56.png 398w\" sizes=\"auto, (max-width: 300px) 100vw, 300px\" \/><img loading=\"lazy\" decoding=\"async\" class=\"alignnone size-full wp-image-3096\" src=\"https:\/\/www.dubuisson-export.fr\/wp-content\/uploads\/2020\/08\/qUALIOPI.png\" alt=\"\" width=\"209\" height=\"60\" \/><\/p>\n","protected":false},"excerpt":{"rendered":"<p>Christine Dubuisson est certifi\u00e9e ICPP &amp; PSI CNEFOP Depuis Juillet 2017 pour trois fonctions\u00a0: Consultant en proc\u00e9dures marketing, commerciales et internationales. Cette fonction inclut l\u2019accompagnement et le conseil. Le niveau expert signifie que cette activit\u00e9 a \u00e9t\u00e9 men\u00e9e pendant plus de 10 ans. &nbsp; &nbsp; Mentor en proc\u00e9dures marketing, commerciales et internationales. Cette fonction concerne [&hellip;]<\/p>\n","protected":false},"author":1,"featured_media":0,"parent":0,"menu_order":0,"comment_status":"closed","ping_status":"closed","template":"","meta":{"footnotes":""},"class_list":["post-2666","page","type-page","status-publish","hentry"],"yoast_head":"<!-- This site is optimized with the Yoast SEO plugin v19.0 - https:\/\/yoast.com\/wordpress\/plugins\/seo\/ -->\n<title>La certification - Dubuisson Export<\/title>\n<meta name=\"description\" content=\"Dubuisson Export : La certification ICPF &amp; PSI CNEFOP reconnue comme satisfaisant au D\u00e9cret du 30 juin 2015, permet, en plus du professionnalisme, de faire reconna\u00eetre la capacit\u00e9 \u00e0 satisfaire les crit\u00e8res qualit\u00e9 et d\u2019\u00eatre r\u00e9f\u00e9renc\u00e9 sur le catalogue de tous les financeurs.\" \/>\n<meta name=\"robots\" content=\"index, follow, max-snippet:-1, max-image-preview:large, max-video-preview:-1\" \/>\n<link rel=\"canonical\" href=\"https:\/\/www.dubuisson-export.fr\/?page_id=2666\" \/>\n<meta property=\"og:locale\" content=\"fr_FR\" \/>\n<meta property=\"og:type\" content=\"article\" \/>\n<meta property=\"og:title\" content=\"La certification - Dubuisson Export\" \/>\n<meta property=\"og:description\" content=\"Dubuisson Export : La certification ICPF &amp; PSI CNEFOP reconnue comme satisfaisant au D\u00e9cret du 30 juin 2015, permet, en plus du professionnalisme, de faire reconna\u00eetre la capacit\u00e9 \u00e0 satisfaire les crit\u00e8res qualit\u00e9 et d\u2019\u00eatre r\u00e9f\u00e9renc\u00e9 sur le catalogue de tous les financeurs.\" \/>\n<meta property=\"og:url\" content=\"https:\/\/www.dubuisson-export.fr\/?page_id=2666\" \/>\n<meta property=\"og:site_name\" content=\"Dubuisson Export\" \/>\n<meta property=\"article:publisher\" content=\"https:\/\/www.facebook.com\/christinedubuisson.export\" \/>\n<meta property=\"article:modified_time\" content=\"2021-01-25T16:05:28+00:00\" \/>\n<meta property=\"og:image\" content=\"http:\/\/www.dubuisson-export.fr\/wp-content\/uploads\/2018\/11\/ICPF-PSI-ExpertCNEFOP-Consultant.png\" \/>\n<meta name=\"twitter:card\" content=\"summary_large_image\" \/>\n<meta name=\"twitter:label1\" content=\"Dur\u00e9e de lecture estim\u00e9e\" \/>\n\t<meta name=\"twitter:data1\" content=\"3 minutes\" \/>\n<script type=\"application\/ld+json\" class=\"yoast-schema-graph\">{\"@context\":\"https:\/\/schema.org\",\"@graph\":[{\"@type\":\"WebSite\",\"@id\":\"https:\/\/www.dubuisson-export.fr\/#website\",\"url\":\"https:\/\/www.dubuisson-export.fr\/\",\"name\":\"Dubuisson Export\",\"description\":\"La valorisation du Made In France\",\"potentialAction\":[{\"@type\":\"SearchAction\",\"target\":{\"@type\":\"EntryPoint\",\"urlTemplate\":\"https:\/\/www.dubuisson-export.fr\/?s={search_term_string}\"},\"query-input\":\"required name=search_term_string\"}],\"inLanguage\":\"fr-FR\"},{\"@type\":\"ImageObject\",\"inLanguage\":\"fr-FR\",\"@id\":\"https:\/\/www.dubuisson-export.fr\/?page_id=2666#primaryimage\",\"url\":\"http:\/\/www.dubuisson-export.fr\/wp-content\/uploads\/2018\/11\/ICPF-PSI-ExpertCNEFOP-Consultant.png\",\"contentUrl\":\"http:\/\/www.dubuisson-export.fr\/wp-content\/uploads\/2018\/11\/ICPF-PSI-ExpertCNEFOP-Consultant.png\"},{\"@type\":\"WebPage\",\"@id\":\"https:\/\/www.dubuisson-export.fr\/?page_id=2666#webpage\",\"url\":\"https:\/\/www.dubuisson-export.fr\/?page_id=2666\",\"name\":\"La certification - Dubuisson Export\",\"isPartOf\":{\"@id\":\"https:\/\/www.dubuisson-export.fr\/#website\"},\"primaryImageOfPage\":{\"@id\":\"https:\/\/www.dubuisson-export.fr\/?page_id=2666#primaryimage\"},\"datePublished\":\"2018-10-29T17:29:58+00:00\",\"dateModified\":\"2021-01-25T16:05:28+00:00\",\"description\":\"Dubuisson Export : La certification ICPF & PSI CNEFOP reconnue comme satisfaisant au D\u00e9cret du 30 juin 2015, permet, en plus du professionnalisme, de faire reconna\u00eetre la capacit\u00e9 \u00e0 satisfaire les crit\u00e8res qualit\u00e9 et d\u2019\u00eatre r\u00e9f\u00e9renc\u00e9 sur le catalogue de tous les financeurs.\",\"breadcrumb\":{\"@id\":\"https:\/\/www.dubuisson-export.fr\/?page_id=2666#breadcrumb\"},\"inLanguage\":\"fr-FR\",\"potentialAction\":[{\"@type\":\"ReadAction\",\"target\":[\"https:\/\/www.dubuisson-export.fr\/?page_id=2666\"]}]},{\"@type\":\"BreadcrumbList\",\"@id\":\"https:\/\/www.dubuisson-export.fr\/?page_id=2666#breadcrumb\",\"itemListElement\":[{\"@type\":\"ListItem\",\"position\":1,\"name\":\"Accueil\",\"item\":\"https:\/\/www.dubuisson-export.fr\/\"},{\"@type\":\"ListItem\",\"position\":2,\"name\":\"La certification\"}]}]}<\/script>\n<!-- \/ Yoast SEO plugin. -->","yoast_head_json":{"title":"La certification - Dubuisson Export","description":"Dubuisson Export : La certification ICPF & PSI CNEFOP reconnue comme satisfaisant au D\u00e9cret du 30 juin 2015, permet, en plus du professionnalisme, de faire reconna\u00eetre la capacit\u00e9 \u00e0 satisfaire les crit\u00e8res qualit\u00e9 et d\u2019\u00eatre r\u00e9f\u00e9renc\u00e9 sur le catalogue de tous les financeurs.","robots":{"index":"index","follow":"follow","max-snippet":"max-snippet:-1","max-image-preview":"max-image-preview:large","max-video-preview":"max-video-preview:-1"},"canonical":"https:\/\/www.dubuisson-export.fr\/?page_id=2666","og_locale":"fr_FR","og_type":"article","og_title":"La certification - Dubuisson Export","og_description":"Dubuisson Export : La certification ICPF & PSI CNEFOP reconnue comme satisfaisant au D\u00e9cret du 30 juin 2015, permet, en plus du professionnalisme, de faire reconna\u00eetre la capacit\u00e9 \u00e0 satisfaire les crit\u00e8res qualit\u00e9 et d\u2019\u00eatre r\u00e9f\u00e9renc\u00e9 sur le catalogue de tous les financeurs.","og_url":"https:\/\/www.dubuisson-export.fr\/?page_id=2666","og_site_name":"Dubuisson Export","article_publisher":"https:\/\/www.facebook.com\/christinedubuisson.export","article_modified_time":"2021-01-25T16:05:28+00:00","og_image":[{"url":"http:\/\/www.dubuisson-export.fr\/wp-content\/uploads\/2018\/11\/ICPF-PSI-ExpertCNEFOP-Consultant.png"}],"twitter_card":"summary_large_image","twitter_misc":{"Dur\u00e9e de lecture estim\u00e9e":"3 minutes"},"schema":{"@context":"https:\/\/schema.org","@graph":[{"@type":"WebSite","@id":"https:\/\/www.dubuisson-export.fr\/#website","url":"https:\/\/www.dubuisson-export.fr\/","name":"Dubuisson Export","description":"La valorisation du Made In France","potentialAction":[{"@type":"SearchAction","target":{"@type":"EntryPoint","urlTemplate":"https:\/\/www.dubuisson-export.fr\/?s={search_term_string}"},"query-input":"required name=search_term_string"}],"inLanguage":"fr-FR"},{"@type":"ImageObject","inLanguage":"fr-FR","@id":"https:\/\/www.dubuisson-export.fr\/?page_id=2666#primaryimage","url":"http:\/\/www.dubuisson-export.fr\/wp-content\/uploads\/2018\/11\/ICPF-PSI-ExpertCNEFOP-Consultant.png","contentUrl":"http:\/\/www.dubuisson-export.fr\/wp-content\/uploads\/2018\/11\/ICPF-PSI-ExpertCNEFOP-Consultant.png"},{"@type":"WebPage","@id":"https:\/\/www.dubuisson-export.fr\/?page_id=2666#webpage","url":"https:\/\/www.dubuisson-export.fr\/?page_id=2666","name":"La certification - Dubuisson Export","isPartOf":{"@id":"https:\/\/www.dubuisson-export.fr\/#website"},"primaryImageOfPage":{"@id":"https:\/\/www.dubuisson-export.fr\/?page_id=2666#primaryimage"},"datePublished":"2018-10-29T17:29:58+00:00","dateModified":"2021-01-25T16:05:28+00:00","description":"Dubuisson Export : La certification ICPF & PSI CNEFOP reconnue comme satisfaisant au D\u00e9cret du 30 juin 2015, permet, en plus du professionnalisme, de faire reconna\u00eetre la capacit\u00e9 \u00e0 satisfaire les crit\u00e8res qualit\u00e9 et d\u2019\u00eatre r\u00e9f\u00e9renc\u00e9 sur le catalogue de tous les financeurs.","breadcrumb":{"@id":"https:\/\/www.dubuisson-export.fr\/?page_id=2666#breadcrumb"},"inLanguage":"fr-FR","potentialAction":[{"@type":"ReadAction","target":["https:\/\/www.dubuisson-export.fr\/?page_id=2666"]}]},{"@type":"BreadcrumbList","@id":"https:\/\/www.dubuisson-export.fr\/?page_id=2666#breadcrumb","itemListElement":[{"@type":"ListItem","position":1,"name":"Accueil","item":"https:\/\/www.dubuisson-export.fr\/"},{"@type":"ListItem","position":2,"name":"La certification"}]}]}},"_links":{"self":[{"href":"https:\/\/www.dubuisson-export.fr\/index.php?rest_route=\/wp\/v2\/pages\/2666","targetHints":{"allow":["GET"]}}],"collection":[{"href":"https:\/\/www.dubuisson-export.fr\/index.php?rest_route=\/wp\/v2\/pages"}],"about":[{"href":"https:\/\/www.dubuisson-export.fr\/index.php?rest_route=\/wp\/v2\/types\/page"}],"author":[{"embeddable":true,"href":"https:\/\/www.dubuisson-export.fr\/index.php?rest_route=\/wp\/v2\/users\/1"}],"replies":[{"embeddable":true,"href":"https:\/\/www.dubuisson-export.fr\/index.php?rest_route=%2Fwp%2Fv2%2Fcomments&post=2666"}],"version-history":[{"count":6,"href":"https:\/\/www.dubuisson-export.fr\/index.php?rest_route=\/wp\/v2\/pages\/2666\/revisions"}],"predecessor-version":[{"id":3129,"href":"https:\/\/www.dubuisson-export.fr\/index.php?rest_route=\/wp\/v2\/pages\/2666\/revisions\/3129"}],"wp:attachment":[{"href":"https:\/\/www.dubuisson-export.fr\/index.php?rest_route=%2Fwp%2Fv2%2Fmedia&parent=2666"}],"curies":[{"name":"wp","href":"https:\/\/api.w.org\/{rel}","templated":true}]}}